{"id":10113,"date":"2024-06-24T11:22:20","date_gmt":"2024-06-24T09:22:20","guid":{"rendered":"https:\/\/amjcharlson.it\/shop\/?page_id=10113"},"modified":"2024-06-24T11:44:29","modified_gmt":"2024-06-24T09:44:29","slug":"servizio-clienti","status":"publish","type":"page","link":"https:\/\/amjcharlson.it\/shop\/servizio-clienti\/","title":{"rendered":"Servizio Clienti"},"content":{"rendered":"\t\t<div data-elementor-type=\"wp-page\" data-elementor-id=\"10113\" class=\"elementor elementor-10113\" data-elementor-post-type=\"page\">\n\t\t\t\t\t\t<div class=\"elementor-inner\">\n\t\t\t\t<div class=\"elementor-section-wrap\">\n\t\t\t\t\t\t\t\t\t<section class=\"elementor-section elementor-top-section elementor-element elementor-element-0cd27d1 elementor-section-boxed elementor-section-height-default elementor-section-height-default\" data-id=\"0cd27d1\" data-element_type=\"section\" data-settings=\"{&quot;background_background&quot;:&quot;classic&quot;}\">\n\t\t\t\t\t\t<div class=\"elementor-container elementor-column-gap-no\">\n\t\t\t\t\t\t\t<div class=\"elementor-row\">\n\t\t\t\t\t<div class=\"elementor-column elementor-col-100 elementor-top-column elementor-element elementor-element-dc83786\" data-id=\"dc83786\" data-element_type=\"column\">\n\t\t\t<div class=\"elementor-column-wrap elementor-element-populated\">\n\t\t\t\t\t\t\t<div class=\"elementor-widget-wrap\">\n\t\t\t\t\t\t<div class=\"elementor-element elementor-element-7e76a45 elementor-widget elementor-widget-text-editor\" data-id=\"7e76a45\" data-element_type=\"widget\" data-widget_type=\"text-editor.default\">\n\t\t\t\t<div class=\"elementor-widget-container\">\n\t\t\t\t\t\t\t\t<div class=\"elementor-text-editor elementor-clearfix\">\n\t\t\t\t<p>SERVIZIO CLIENTI<\/p>\t\t\t\t\t<\/div>\n\t\t\t\t\t\t<\/div>\n\t\t\t\t<\/div>\n\t\t\t\t<div class=\"elementor-element elementor-element-d7008ca elementor-widget elementor-widget-heading\" data-id=\"d7008ca\" data-element_type=\"widget\" data-widget_type=\"heading.default\">\n\t\t\t\t<div class=\"elementor-widget-container\">\n\t\t\t<h2 class=\"elementor-heading-title elementor-size-default\">Scrivici per chiedere maggiori informazioni sul tuo ordine<\/h2>\t\t<\/div>\n\t\t\t\t<\/div>\n\t\t\t\t<div class=\"elementor-element elementor-element-11fbeba elementor-button-align-start elementor-widget elementor-widget-form\" data-id=\"11fbeba\" data-element_type=\"widget\" data-settings=\"{&quot;step_next_label&quot;:&quot;Next&quot;,&quot;step_previous_label&quot;:&quot;Previous&quot;,&quot;button_width&quot;:&quot;100&quot;,&quot;step_type&quot;:&quot;number_text&quot;,&quot;step_icon_shape&quot;:&quot;circle&quot;}\" data-widget_type=\"form.default\">\n\t\t\t\t<div class=\"elementor-widget-container\">\n\t\t\t\t\t<form class=\"elementor-form\" method=\"post\" name=\"Servizio clienti\">\n\t\t\t<input type=\"hidden\" name=\"post_id\" value=\"10113\"\/>\n\t\t\t<input type=\"hidden\" name=\"form_id\" value=\"11fbeba\"\/>\n\t\t\t<input type=\"hidden\" name=\"referer_title\" value=\"AMJ CHARLSON \u2764\ufe0f Shop Online\" \/>\n\n\t\t\t\n\t\t\t<div class=\"elementor-form-fields-wrapper elementor-labels-\">\n\t\t\t\t\t\t\t\t<div class=\"elementor-field-type-text elementor-field-group elementor-column elementor-field-group-name elementor-col-100 elementor-field-required\">\n\t\t\t\t\t\t\t\t\t\t\t\t<label for=\"form-field-name\" class=\"elementor-field-label elementor-screen-only\">\n\t\t\t\t\t\t\t\tIl tuo nome\t\t\t\t\t\t\t<\/label>\n\t\t\t\t\t\t\t\t\t\t\t\t\t\t<input size=\"1\" type=\"text\" name=\"form_fields[name]\" id=\"form-field-name\" class=\"elementor-field elementor-size-sm  elementor-field-textual\" placeholder=\"Il tuo nome\" required=\"required\" aria-required=\"true\">\n\t\t\t\t\t\t\t\t\t\t\t<\/div>\n\t\t\t\t\t\t\t\t<div class=\"elementor-field-type-email elementor-field-group elementor-column elementor-field-group-email elementor-col-100 elementor-field-required\">\n\t\t\t\t\t\t\t\t\t\t\t\t<label for=\"form-field-email\" class=\"elementor-field-label elementor-screen-only\">\n\t\t\t\t\t\t\t\tEmail\t\t\t\t\t\t\t<\/label>\n\t\t\t\t\t\t\t\t\t\t\t\t\t\t<input size=\"1\" type=\"email\" name=\"form_fields[email]\" id=\"form-field-email\" class=\"elementor-field elementor-size-sm  elementor-field-textual\" placeholder=\"Email\" required=\"required\" aria-required=\"true\">\n\t\t\t\t\t\t\t\t\t\t\t<\/div>\n\t\t\t\t\t\t\t\t<div class=\"elementor-field-type-tel elementor-field-group elementor-column elementor-field-group-field_c0ed897 elementor-col-100 elementor-field-required\">\n\t\t\t\t\t\t\t\t\t\t\t\t<label for=\"form-field-field_c0ed897\" class=\"elementor-field-label elementor-screen-only\">\n\t\t\t\t\t\t\t\tTelefono\t\t\t\t\t\t\t<\/label>\n\t\t\t\t\t\t\t\t<input size=\"1\" type=\"tel\" name=\"form_fields[field_c0ed897]\" id=\"form-field-field_c0ed897\" class=\"elementor-field elementor-size-sm  elementor-field-textual\" placeholder=\"Telefono\" required=\"required\" aria-required=\"true\" pattern=\"[0-9()#&amp;+*-=.]+\" title=\"Sono accettati solo numeri e caratteri telefonici (#, -, *, ecc.).\">\n\n\t\t\t\t\t\t<\/div>\n\t\t\t\t\t\t\t\t<div class=\"elementor-field-type-text elementor-field-group elementor-column elementor-field-group-field_c4de930 elementor-col-100 elementor-field-required\">\n\t\t\t\t\t\t\t\t\t\t\t\t<label for=\"form-field-field_c4de930\" class=\"elementor-field-label elementor-screen-only\">\n\t\t\t\t\t\t\t\tOggetto\t\t\t\t\t\t\t<\/label>\n\t\t\t\t\t\t\t\t\t\t\t\t\t\t<input size=\"1\" type=\"text\" name=\"form_fields[field_c4de930]\" id=\"form-field-field_c4de930\" class=\"elementor-field elementor-size-sm  elementor-field-textual\" placeholder=\"Oggetto\" required=\"required\" aria-required=\"true\">\n\t\t\t\t\t\t\t\t\t\t\t<\/div>\n\t\t\t\t\t\t\t\t<div class=\"elementor-field-type-textarea elementor-field-group elementor-column elementor-field-group-message elementor-col-100 elementor-field-required\">\n\t\t\t\t\t\t\t\t\t\t\t\t<label for=\"form-field-message\" class=\"elementor-field-label elementor-screen-only\">\n\t\t\t\t\t\t\t\tMessaggio\t\t\t\t\t\t\t<\/label>\n\t\t\t\t\t\t<textarea class=\"elementor-field-textual elementor-field  elementor-size-sm\" name=\"form_fields[message]\" id=\"form-field-message\" rows=\"5\" placeholder=\"Messaggio\" required=\"required\" aria-required=\"true\"><\/textarea>\t\t\t\t<\/div>\n\t\t\t\t\t\t\t\t<div class=\"elementor-field-group elementor-column elementor-field-type-submit elementor-col-100 e-form__buttons\">\n\t\t\t\t\t<button type=\"submit\" class=\"elementor-button elementor-size-sm\">\n\t\t\t\t\t\t<span >\n\t\t\t\t\t\t\t\t\t\t\t\t\t\t\t<span class=\" elementor-button-icon\">\n\t\t\t\t\t\t\t\t\t\t\t\t\t\t\t\t\t\t\t\t\t\t\t\t\t\t<\/span>\n\t\t\t\t\t\t\t\t\t\t\t\t\t\t\t\t\t\t\t\t\t\t<span class=\"elementor-button-text\">Invia subito<\/span>\n\t\t\t\t\t\t\t\t\t\t\t\t\t<\/span>\n\t\t\t\t\t<\/button>\n\t\t\t\t<\/div>\n\t\t\t<\/div>\n\t\t<\/form>\n\t\t\t\t<\/div>\n\t\t\t\t<\/div>\n\t\t\t\t\t\t<\/div>\n\t\t\t\t\t<\/div>\n\t\t<\/div>\n\t\t\t\t\t\t\t\t<\/div>\n\t\t\t\t\t<\/div>\n\t\t<\/section>\n\t\t\t\t<section class=\"elementor-section elementor-top-section elementor-element elementor-element-0d82983 elementor-section-stretched elementor-section-boxed elementor-section-height-default elementor-section-height-default\" data-id=\"0d82983\" data-element_type=\"section\" data-settings=\"{&quot;background_background&quot;:&quot;classic&quot;,&quot;stretch_section&quot;:&quot;section-stretched&quot;}\">\n\t\t\t\t\t\t<div class=\"elementor-container elementor-column-gap-no\">\n\t\t\t\t\t\t\t<div class=\"elementor-row\">\n\t\t\t\t\t<div class=\"elementor-column elementor-col-33 elementor-top-column elementor-element elementor-element-446aebc\" data-id=\"446aebc\" data-element_type=\"column\">\n\t\t\t<div class=\"elementor-column-wrap elementor-element-populated\">\n\t\t\t\t\t\t\t<div class=\"elementor-widget-wrap\">\n\t\t\t\t\t\t<div class=\"elementor-element elementor-element-4a9a5b8 elementor-widget elementor-widget-text-editor\" data-id=\"4a9a5b8\" data-element_type=\"widget\" data-widget_type=\"text-editor.default\">\n\t\t\t\t<div class=\"elementor-widget-container\">\n\t\t\t\t\t\t\t\t<div class=\"elementor-text-editor elementor-clearfix\">\n\t\t\t\t<p>Hai domande ?<\/p>\t\t\t\t\t<\/div>\n\t\t\t\t\t\t<\/div>\n\t\t\t\t<\/div>\n\t\t\t\t<div class=\"elementor-element elementor-element-82a36ce elementor-widget elementor-widget-heading\" data-id=\"82a36ce\" data-element_type=\"widget\" data-widget_type=\"heading.default\">\n\t\t\t\t<div class=\"elementor-widget-container\">\n\t\t\t<h2 class=\"elementor-heading-title elementor-size-default\">Contattaci subito<\/h2>\t\t<\/div>\n\t\t\t\t<\/div>\n\t\t\t\t<div class=\"elementor-element elementor-element-2e98d98 elementor-widget elementor-widget-heading\" data-id=\"2e98d98\" data-element_type=\"widget\" data-widget_type=\"heading.default\">\n\t\t\t\t<div class=\"elementor-widget-container\">\n\t\t\t<h2 class=\"elementor-heading-title elementor-size-default\">Head Office<\/h2>\t\t<\/div>\n\t\t\t\t<\/div>\n\t\t\t\t<div class=\"elementor-element elementor-element-d43e5be elementor-icon-list--layout-traditional elementor-list-item-link-full_width elementor-widget elementor-widget-icon-list\" data-id=\"d43e5be\" data-element_type=\"widget\" data-widget_type=\"icon-list.default\">\n\t\t\t\t<div class=\"elementor-widget-container\">\n\t\t\t\t\t<ul class=\"elementor-icon-list-items\">\n\t\t\t\t\t\t\t<li class=\"elementor-icon-list-item\">\n\t\t\t\t\t\t\t\t\t\t\t<a href=\"#\">\n\n\t\t\t\t\t\t\t\t\t\t\t\t<span class=\"elementor-icon-list-icon\">\n\t\t\t\t\t\t\t<i aria-hidden=\"true\" class=\"far fa-map\"><\/i>\t\t\t\t\t\t<\/span>\n\t\t\t\t\t\t\t\t\t\t<span class=\"elementor-icon-list-text\">Via Gino Cervi 14, 00139 Roma<\/span>\n\t\t\t\t\t\t\t\t\t\t\t<\/a>\n\t\t\t\t\t\t\t\t\t<\/li>\n\t\t\t\t\t\t\t\t<li class=\"elementor-icon-list-item\">\n\t\t\t\t\t\t\t\t\t\t\t<a href=\"mailto:amjcharlson@globelife.com\">\n\n\t\t\t\t\t\t\t\t\t\t\t\t<span class=\"elementor-icon-list-icon\">\n\t\t\t\t\t\t\t<i aria-hidden=\"true\" class=\"far fa-envelope\"><\/i>\t\t\t\t\t\t<\/span>\n\t\t\t\t\t\t\t\t\t\t<span class=\"elementor-icon-list-text\">amjcharlson@globelife.com<\/span>\n\t\t\t\t\t\t\t\t\t\t\t<\/a>\n\t\t\t\t\t\t\t\t\t<\/li>\n\t\t\t\t\t\t\t\t<li class=\"elementor-icon-list-item\">\n\t\t\t\t\t\t\t\t\t\t\t<a href=\"#\">\n\n\t\t\t\t\t\t\t\t\t\t\t\t<span class=\"elementor-icon-list-icon\">\n\t\t\t\t\t\t\t<i aria-hidden=\"true\" class=\"fas fa-phone-alt\"><\/i>\t\t\t\t\t\t<\/span>\n\t\t\t\t\t\t\t\t\t\t<span class=\"elementor-icon-list-text\">tel:+39 06 87235317<\/span>\n\t\t\t\t\t\t\t\t\t\t\t<\/a>\n\t\t\t\t\t\t\t\t\t<\/li>\n\t\t\t\t\t\t\t\t<li class=\"elementor-icon-list-item\">\n\t\t\t\t\t\t\t\t\t\t\t<a href=\"#\">\n\n\t\t\t\t\t\t\t\t\t\t\t\t<span class=\"elementor-icon-list-icon\">\n\t\t\t\t\t\t\t<i aria-hidden=\"true\" class=\"far fa-clock\"><\/i>\t\t\t\t\t\t<\/span>\n\t\t\t\t\t\t\t\t\t\t<span class=\"elementor-icon-list-text\">Luned\u00ec: 9.00-18.00 | Marted\u00ec: 9.00-18.00 | Mercoled\u00ec 9.00-18.00 | Gioved\u00ec: 9.00-18.00 |  Venerd\u00ec: 9.00-18.00 <\/span>\n\t\t\t\t\t\t\t\t\t\t\t<\/a>\n\t\t\t\t\t\t\t\t\t<\/li>\n\t\t\t\t\t\t<\/ul>\n\t\t\t\t<\/div>\n\t\t\t\t<\/div>\n\t\t\t\t\t\t<\/div>\n\t\t\t\t\t<\/div>\n\t\t<\/div>\n\t\t\t\t<div class=\"elementor-column elementor-col-66 elementor-top-column elementor-element elementor-element-b26edff\" data-id=\"b26edff\" data-element_type=\"column\">\n\t\t\t<div class=\"elementor-column-wrap elementor-element-populated\">\n\t\t\t\t\t\t\t<div class=\"elementor-widget-wrap\">\n\t\t\t\t\t\t<div class=\"elementor-element elementor-element-1fe7e95 elementor-widget elementor-widget-google_maps\" data-id=\"1fe7e95\" data-element_type=\"widget\" data-widget_type=\"google_maps.default\">\n\t\t\t\t<div class=\"elementor-widget-container\">\n\t\t\t\t\t<div class=\"elementor-custom-embed\">\n\t\t\t<iframe loading=\"lazy\"\n\t\t\t\t\tsrc=\"https:\/\/maps.google.com\/maps?q=Via%20Gino%20Cervi%2014%2C%2000139%20Roma%2C%20ITALIA&#038;t=m&#038;z=15&#038;output=embed&#038;iwloc=near\"\n\t\t\t\t\ttitle=\"Via Gino Cervi 14, 00139 Roma, ITALIA\"\n\t\t\t\t\taria-label=\"Via Gino Cervi 14, 00139 Roma, ITALIA\"\n\t\t\t><\/iframe>\n\t\t<\/div>\n\t\t\t\t<\/div>\n\t\t\t\t<\/div>\n\t\t\t\t\t\t<\/div>\n\t\t\t\t\t<\/div>\n\t\t<\/div>\n\t\t\t\t\t\t\t\t<\/div>\n\t\t\t\t\t<\/div>\n\t\t<\/section>\n\t\t\t\t\t\t\t\t\t<\/div>\n\t\t\t<\/div>\n\t\t\t\t\t<\/div>\n\t\t","protected":false},"excerpt":{"rendered":"<p>SERVIZIO CLIENTI Scrivici per chiedere maggiori informazioni sul tuo ordine Hai domande ? Contattaci subito Head Office Via Gino Cervi 14, 00139 Roma amjcharlson@globelife.com tel:+39 06 87235317 Luned\u00ec: 9.00-18.00 | Marted\u00ec: 9.00-18.00 | Mercoled\u00ec 9.00-18.00 | Gioved\u00ec: 9.00-18.00 | Venerd\u00ec: 9.00-18.00<\/p>\n","protected":false},"author":1,"featured_media":0,"parent":0,"menu_order":0,"comment_status":"closed","ping_status":"closed","template":"","meta":{"inline_featured_image":false,"footnotes":""},"class_list":["post-10113","page","type-page","status-publish","hentry"],"yoast_head":"<!-- This site is optimized with the Yoast SEO plugin v21.1 - https:\/\/yoast.com\/wordpress\/plugins\/seo\/ -->\n<title>Servizio Clienti - AMJ CHARLSON \u2764\ufe0f Shop Online<\/title>\n<meta name=\"description\" content=\"E-commerce di AMJ CHARLSON \u2764\ufe0f Accessori per Parrucchieri ed Estetica\" \/>\n<meta name=\"robots\" content=\"index, follow, max-snippet:-1, max-image-preview:large, max-video-preview:-1\" \/>\n<link rel=\"canonical\" href=\"https:\/\/amjcharlson.it\/shop\/servizio-clienti\/\" \/>\n<meta property=\"og:locale\" content=\"it_IT\" \/>\n<meta property=\"og:type\" content=\"article\" \/>\n<meta property=\"og:title\" content=\"Servizio Clienti - AMJ CHARLSON \u2764\ufe0f Shop Online\" \/>\n<meta property=\"og:description\" content=\"E-commerce di AMJ CHARLSON \u2764\ufe0f Accessori per Parrucchieri ed Estetica\" \/>\n<meta property=\"og:url\" content=\"https:\/\/amjcharlson.it\/shop\/servizio-clienti\/\" \/>\n<meta property=\"og:site_name\" content=\"AMJ CHARLSON \u2764\ufe0f Shop Online\" \/>\n<meta property=\"article:modified_time\" content=\"2024-06-24T09:44:29+00:00\" \/>\n<meta name=\"twitter:card\" content=\"summary_large_image\" \/>\n<meta name=\"twitter:label1\" content=\"Tempo di lettura stimato\" \/>\n\t<meta name=\"twitter:data1\" content=\"1 minuto\" \/>\n<script type=\"application\/ld+json\" class=\"yoast-schema-graph\">{\"@context\":\"https:\/\/schema.org\",\"@graph\":[{\"@type\":\"WebPage\",\"@id\":\"https:\/\/amjcharlson.it\/shop\/servizio-clienti\/\",\"url\":\"https:\/\/amjcharlson.it\/shop\/servizio-clienti\/\",\"name\":\"Servizio Clienti - AMJ CHARLSON \u2764\ufe0f Shop Online\",\"isPartOf\":{\"@id\":\"https:\/\/amjcharlson.it\/shop\/#website\"},\"datePublished\":\"2024-06-24T09:22:20+00:00\",\"dateModified\":\"2024-06-24T09:44:29+00:00\",\"description\":\"E-commerce di AMJ CHARLSON \u2764\ufe0f Accessori per Parrucchieri ed Estetica\",\"breadcrumb\":{\"@id\":\"https:\/\/amjcharlson.it\/shop\/servizio-clienti\/#breadcrumb\"},\"inLanguage\":\"it-IT\",\"potentialAction\":[{\"@type\":\"ReadAction\",\"target\":[\"https:\/\/amjcharlson.it\/shop\/servizio-clienti\/\"]}]},{\"@type\":\"BreadcrumbList\",\"@id\":\"https:\/\/amjcharlson.it\/shop\/servizio-clienti\/#breadcrumb\",\"itemListElement\":[{\"@type\":\"ListItem\",\"position\":1,\"name\":\"Home\",\"item\":\"https:\/\/amjcharlson.it\/shop\/\"},{\"@type\":\"ListItem\",\"position\":2,\"name\":\"Servizio Clienti\"}]},{\"@type\":\"WebSite\",\"@id\":\"https:\/\/amjcharlson.it\/shop\/#website\",\"url\":\"https:\/\/amjcharlson.it\/shop\/\",\"name\":\"AMJ CHARLSON \u2764\ufe0f Shop Online\",\"description\":\"Prodotti per la cura dei capelli\",\"publisher\":{\"@id\":\"https:\/\/amjcharlson.it\/shop\/#organization\"},\"potentialAction\":[{\"@type\":\"SearchAction\",\"target\":{\"@type\":\"EntryPoint\",\"urlTemplate\":\"https:\/\/amjcharlson.it\/shop\/?s={search_term_string}\"},\"query-input\":\"required name=search_term_string\"}],\"inLanguage\":\"it-IT\"},{\"@type\":\"Organization\",\"@id\":\"https:\/\/amjcharlson.it\/shop\/#organization\",\"name\":\"AMJ CHARLSON \u2764\ufe0f Shop Online\",\"url\":\"https:\/\/amjcharlson.it\/shop\/\",\"logo\":{\"@type\":\"ImageObject\",\"inLanguage\":\"it-IT\",\"@id\":\"https:\/\/amjcharlson.it\/shop\/#\/schema\/logo\/image\/\",\"url\":\"https:\/\/amjcharlson.it\/shop\/wp-content\/uploads\/2021\/05\/amj-logo.png\",\"contentUrl\":\"https:\/\/amjcharlson.it\/shop\/wp-content\/uploads\/2021\/05\/amj-logo.png\",\"width\":140,\"height\":80,\"caption\":\"AMJ CHARLSON \u2764\ufe0f Shop Online\"},\"image\":{\"@id\":\"https:\/\/amjcharlson.it\/shop\/#\/schema\/logo\/image\/\"}}]}<\/script>\n<!-- \/ Yoast SEO plugin. -->","yoast_head_json":{"title":"Servizio Clienti - AMJ CHARLSON \u2764\ufe0f Shop Online","description":"E-commerce di AMJ CHARLSON \u2764\ufe0f Accessori per Parrucchieri ed Estetica","robots":{"index":"index","follow":"follow","max-snippet":"max-snippet:-1","max-image-preview":"max-image-preview:large","max-video-preview":"max-video-preview:-1"},"canonical":"https:\/\/amjcharlson.it\/shop\/servizio-clienti\/","og_locale":"it_IT","og_type":"article","og_title":"Servizio Clienti - AMJ CHARLSON \u2764\ufe0f Shop Online","og_description":"E-commerce di AMJ CHARLSON \u2764\ufe0f Accessori per Parrucchieri ed Estetica","og_url":"https:\/\/amjcharlson.it\/shop\/servizio-clienti\/","og_site_name":"AMJ CHARLSON \u2764\ufe0f Shop Online","article_modified_time":"2024-06-24T09:44:29+00:00","twitter_card":"summary_large_image","twitter_misc":{"Tempo di lettura stimato":"1 minuto"},"schema":{"@context":"https:\/\/schema.org","@graph":[{"@type":"WebPage","@id":"https:\/\/amjcharlson.it\/shop\/servizio-clienti\/","url":"https:\/\/amjcharlson.it\/shop\/servizio-clienti\/","name":"Servizio Clienti - AMJ CHARLSON \u2764\ufe0f Shop Online","isPartOf":{"@id":"https:\/\/amjcharlson.it\/shop\/#website"},"datePublished":"2024-06-24T09:22:20+00:00","dateModified":"2024-06-24T09:44:29+00:00","description":"E-commerce di AMJ CHARLSON \u2764\ufe0f Accessori per Parrucchieri ed Estetica","breadcrumb":{"@id":"https:\/\/amjcharlson.it\/shop\/servizio-clienti\/#breadcrumb"},"inLanguage":"it-IT","potentialAction":[{"@type":"ReadAction","target":["https:\/\/amjcharlson.it\/shop\/servizio-clienti\/"]}]},{"@type":"BreadcrumbList","@id":"https:\/\/amjcharlson.it\/shop\/servizio-clienti\/#breadcrumb","itemListElement":[{"@type":"ListItem","position":1,"name":"Home","item":"https:\/\/amjcharlson.it\/shop\/"},{"@type":"ListItem","position":2,"name":"Servizio Clienti"}]},{"@type":"WebSite","@id":"https:\/\/amjcharlson.it\/shop\/#website","url":"https:\/\/amjcharlson.it\/shop\/","name":"AMJ CHARLSON \u2764\ufe0f Shop Online","description":"Prodotti per la cura dei capelli","publisher":{"@id":"https:\/\/amjcharlson.it\/shop\/#organization"},"potentialAction":[{"@type":"SearchAction","target":{"@type":"EntryPoint","urlTemplate":"https:\/\/amjcharlson.it\/shop\/?s={search_term_string}"},"query-input":"required name=search_term_string"}],"inLanguage":"it-IT"},{"@type":"Organization","@id":"https:\/\/amjcharlson.it\/shop\/#organization","name":"AMJ CHARLSON \u2764\ufe0f Shop Online","url":"https:\/\/amjcharlson.it\/shop\/","logo":{"@type":"ImageObject","inLanguage":"it-IT","@id":"https:\/\/amjcharlson.it\/shop\/#\/schema\/logo\/image\/","url":"https:\/\/amjcharlson.it\/shop\/wp-content\/uploads\/2021\/05\/amj-logo.png","contentUrl":"https:\/\/amjcharlson.it\/shop\/wp-content\/uploads\/2021\/05\/amj-logo.png","width":140,"height":80,"caption":"AMJ CHARLSON \u2764\ufe0f Shop Online"},"image":{"@id":"https:\/\/amjcharlson.it\/shop\/#\/schema\/logo\/image\/"}}]}},"_links":{"self":[{"href":"https:\/\/amjcharlson.it\/shop\/wp-json\/wp\/v2\/pages\/10113"}],"collection":[{"href":"https:\/\/amjcharlson.it\/shop\/wp-json\/wp\/v2\/pages"}],"about":[{"href":"https:\/\/amjcharlson.it\/shop\/wp-json\/wp\/v2\/types\/page"}],"author":[{"embeddable":true,"href":"https:\/\/amjcharlson.it\/shop\/wp-json\/wp\/v2\/users\/1"}],"replies":[{"embeddable":true,"href":"https:\/\/amjcharlson.it\/shop\/wp-json\/wp\/v2\/comments?post=10113"}],"version-history":[{"count":34,"href":"https:\/\/amjcharlson.it\/shop\/wp-json\/wp\/v2\/pages\/10113\/revisions"}],"predecessor-version":[{"id":10147,"href":"https:\/\/amjcharlson.it\/shop\/wp-json\/wp\/v2\/pages\/10113\/revisions\/10147"}],"wp:attachment":[{"href":"https:\/\/amjcharlson.it\/shop\/wp-json\/wp\/v2\/media?parent=10113"}],"curies":[{"name":"wp","href":"https:\/\/api.w.org\/{rel}","templated":true}]}}